{"id":908,"date":"2023-12-06T19:15:39","date_gmt":"2023-12-06T18:15:39","guid":{"rendered":"https:\/\/ad-futura.es\/?page_id=908"},"modified":"2026-03-20T13:32:28","modified_gmt":"2026-03-20T12:32:28","slug":"consultoria-ti-2","status":"publish","type":"page","link":"https:\/\/ad-futura.es\/index.php\/consultoria-ti-2\/","title":{"rendered":"Soluciones de software"},"content":{"rendered":"\n\n\n\n\n\n\n<div style=\"height:30px\" aria-hidden=\"true\" class=\"wp-block-spacer\"><\/div>\n\n\n\t\t<div class=\"gutenverse-popup-gallery hidden popup-guten-vkBWLA\">\n\t\t\t<div class=\"gallery-header\">\n\t\t\t\t<div class=\"left-header\"><\/div>\n\t\t\t\t<div class=\"right-header\">\n\t\t\t\t\t<svg xmlns=\"http:\/\/www.w3.org\/2000\/svg\" width=\"24\" height=\"24\" viewBox=\"0 0 24 24\" fill=\"none\" stroke=\"currentColor\" stroke-width=\"2\" stroke-linecap=\"round\" stroke-linejoin=\"round\" class=\"icon-fullscreen\"><path d=\"M8 3H5a2 2 0 0 0-2 2v3m18 0V5a2 2 0 0 0-2-2h-3m0 18h3a2 2 0 0 0 2-2v-3M3 16v3a2 2 0 0 0 2 2h3\"><\/path><\/svg>\n\t\t\t\t\t<svg xmlns=\"http:\/\/www.w3.org\/2000\/svg\" width=\"24\" height=\"24\" viewBox=\"0 0 24 24\" fill=\"none\" stroke=\"currentColor\" stroke-width=\"2\" stroke-linecap=\"round\" stroke-linejoin=\"round\" class=\"icon-minimize hidden\"><path d=\"M8 3v3a2 2 0 0 1-2 2H3m18 0h-3a2 2 0 0 1-2-2V3m0 18v-3a2 2 0 0 1 2-2h3M3 16h3a2 2 0 0 1 2 2v3\"><\/path><\/svg>\n\t\t\t\t\t<svg xmlns=\"http:\/\/www.w3.org\/2000\/svg\" width=\"24\" height=\"24\" viewBox=\"0 0 24 24\" fill=\"none\" stroke=\"currentColor\" stroke-width=\"2\" stroke-linecap=\"round\" stroke-linejoin=\"round\" class=\"icon-zoom\"><circle cx=\"11\" cy=\"11\" r=\"8\"><\/circle><line x1=\"21\" y1=\"21\" x2=\"16.65\" y2=\"16.65\"><\/line><line x1=\"11\" y1=\"8\" x2=\"11\" y2=\"14\"><\/line><line x1=\"8\" y1=\"11\" x2=\"14\" y2=\"11\"><\/line><\/svg>\n\t\t\t\t\t<svg xmlns=\"http:\/\/www.w3.org\/2000\/svg\" width=\"24\" height=\"24\" viewBox=\"0 0 24 24\" fill=\"none\" stroke=\"currentColor\" stroke-width=\"2\" stroke-linecap=\"round\" stroke-linejoin=\"round\" class=\"icon-close\"><line x1=\"18\" y1=\"6\" x2=\"6\" y2=\"18\"><\/line><line x1=\"6\" y1=\"6\" x2=\"18\" y2=\"18\"><\/line><\/svg>\n\t\t\t\t<\/div>\n\t\t\t<\/div>\n\t\t\t<div class=\"gallery-body\">\n\t\t\t\t<div class=\"images\">\n\t\t\t\t\t<div id=\"guten-vkBWLA\" class=\"swiper-container\">\n\t\t\t\t\t\t<div class=\"swiper-wrapper\">\n\t\t\t\t\t\t\t\t\t\t\t\t\t\t\t<div class=\"swiper-slide image-list image-list-0\" data-filter=\"Herramientas colaborativas\" data-title=\"Herramientas colaborativas\" data-category=\"Evaluaci\u00f3n\" data-content=\"Las aplicaciones y herramientas de colaboraci\u00f3n facilitan el trabajo en equipo. Las herramientas de colaboraci\u00f3n pueden ser aplicaciones de gesti\u00f3n de proyectos, de gesti\u00f3n documental, de comunicaciones y de gesti\u00f3n administrativa totalmente integradas.\" data-index=\"0\">\n\t\t\t\t\t\t\t\t\t<div class=\"content-image swiper-zoom-container\">\n\t\t\t\t\t\t\t\t\t\t<img decoding=\"async\" class=\"main-image\" src=\"https:\/\/ad-futura.es\/wp-content\/uploads\/2023\/12\/ServHerCol.jpeg\" alt=\"Herramientas colaborativas\" \/>\t\t\t\t\t\t\t\t\t\t\t\t\t\t\t\t\t\t\t<\/div>\n\t\t\t\t\t\t\t\t<\/div>\n\t\t\t\t\t\t\t\t\t\t\t\t\t\t\t<div class=\"swiper-slide image-list image-list-1\" data-filter=\"Movilidad y productividad\" data-title=\"Movilidad y productividad\" data-category=\"Consultor\u00eda\" data-content=\"La movilidad en el mundo digital de hoy es una evidencia y puede ser sin\u00f3nimo de productividad si se ponen a disposici\u00f3n las herramientas adecuadas. Pero elegirlas no siempre es tarea f\u00e1cil para asegurar una comunicaci\u00f3n y una colaboraci\u00f3n entre todos los equipos: comercial, log\u00edstica, compras, gesti\u00f3n de almacenes y stocks. \" data-index=\"1\">\n\t\t\t\t\t\t\t\t\t<div class=\"content-image swiper-zoom-container\">\n\t\t\t\t\t\t\t\t\t\t<img decoding=\"async\" class=\"main-image\" src=\"https:\/\/ad-futura.es\/wp-content\/uploads\/2023\/12\/servMovProd.jpeg\" alt=\"Movilidad y productividad\" \/>\t\t\t\t\t\t\t\t\t\t\t\t\t\t\t\t\t\t\t<\/div>\n\t\t\t\t\t\t\t\t<\/div>\n\t\t\t\t\t\t\t\t\t\t\t\t\t\t\t<div class=\"swiper-slide image-list image-list-2\" data-filter=\"Reagrupa equipos y recursos\" data-title=\"Reagrupa equipos y recursos\" data-category=\"M.P.S.\" data-content=\"Saca partido de una plataforma colaborativa para el trabajo de equipo, que permite conversar, mantener reuniones y compartir archivos y aplicaciones desde cualquier lugar. Ofrece a tus empleados la posibilidad de estar conectados a su contenido, a almacenar y compartir archivos.\n\n\" data-index=\"2\">\n\t\t\t\t\t\t\t\t\t<div class=\"content-image swiper-zoom-container\">\n\t\t\t\t\t\t\t\t\t\t<img decoding=\"async\" class=\"main-image\" src=\"https:\/\/ad-futura.es\/wp-content\/uploads\/2023\/12\/servEquipRec.jpg\" alt=\"Reagrupa equipos y recursos\" \/>\t\t\t\t\t\t\t\t\t\t\t\t\t\t\t\t\t\t\t<\/div>\n\t\t\t\t\t\t\t\t<\/div>\n\t\t\t\t\t\t\t\t\t\t\t\t\t\t\t<div class=\"swiper-slide image-list image-list-3\" data-filter=\"NetWorking\" data-title=\"NetWorking\" data-category=\"Proyectos documentales\" data-content=\"El cambio es la nueva constante y, a veces, es dif\u00edcil de seguir. \u00bfY si pudieras conectar cada documento, cada persona y cada actividad que sea importante? Con Microsoft 365, tu equipo y t\u00fa podr\u00e9is intercambiar ideas, obtener las \u00faltimas informaciones y adaptaros r\u00e1pidamente a las necesidades de proyectos y de gesti\u00f3n del negocio.\" data-index=\"3\">\n\t\t\t\t\t\t\t\t\t<div class=\"content-image swiper-zoom-container\">\n\t\t\t\t\t\t\t\t\t\t<img decoding=\"async\" class=\"main-image\" src=\"https:\/\/ad-futura.es\/wp-content\/uploads\/2023\/12\/servNetwork.jpeg\" alt=\"NetWorking\" \/>\t\t\t\t\t\t\t\t\t\t\t\t\t\t\t\t\t\t\t<\/div>\n\t\t\t\t\t\t\t\t<\/div>\n\t\t\t\t\t\t\t\t\t\t\t\t\t\t\t<div class=\"swiper-slide image-list image-list-4\" data-filter=\"Con\u00e9ctate con tus interlocutores\" data-title=\"Con\u00e9ctate con tus interlocutores\" data-category=\"Evaluaci\u00f3n\" data-content=\"Mantente conectado con tus colaboradores y sigue trabajando con un correo integrado de primera clase. Accede a los correos electr\u00f3nicos, a los contactos y calendarios compartidos en cualquier lugar con Outlook Mobile, en tu PC o Mac.\" data-index=\"4\">\n\t\t\t\t\t\t\t\t\t<div class=\"content-image swiper-zoom-container\">\n\t\t\t\t\t\t\t\t\t\t<img decoding=\"async\" class=\"main-image\" src=\"https:\/\/ad-futura.es\/wp-content\/uploads\/2023\/12\/servVidCall.jpeg\" alt=\"Con\u00e9ctate con tus interlocutores\" \/>\t\t\t\t\t\t\t\t\t\t\t\t\t\t\t\t\t\t\t<\/div>\n\t\t\t\t\t\t\t\t<\/div>\n\t\t\t\t\t\t\t\t\t\t\t\t\t\t\t<div class=\"swiper-slide image-list image-list-5\" data-filter=\"Organiza reuniones m\u00e1s eficaces\" data-title=\"Organiza reuniones m\u00e1s eficaces\" data-category=\"Soluciones\" data-content=\"En un clic, cualquier persona dentro o fuera de tu organizaci\u00f3n puede acudir a tu reuni\u00f3n en l\u00ednea desde cualquier dispositivo. El v\u00eddeo de alta definici\u00f3n, la pantalla compartida, la mensajer\u00eda instant\u00e1nea y la toma de notas en tiempo real contribuyen a celebrar reuniones constructivas y eficaces.\n\" data-index=\"5\">\n\t\t\t\t\t\t\t\t\t<div class=\"content-image swiper-zoom-container\">\n\t\t\t\t\t\t\t\t\t\t<img decoding=\"async\" class=\"main-image\" src=\"https:\/\/ad-futura.es\/wp-content\/uploads\/2023\/12\/servWebinar.jpeg\" alt=\"Organiza reuniones m\u00e1s eficaces\" \/>\t\t\t\t\t\t\t\t\t\t\t\t\t\t\t\t\t\t\t<\/div>\n\t\t\t\t\t\t\t\t<\/div>\n\t\t\t\t\t\t\t\t\t\t\t\t\t<\/div>\n\t\t\t\t\t\t<div class=\"swiper-button-prev\"><\/div>\n\t\t\t\t\t\t<div class=\"swiper-button-next\"><\/div>\n\t\t\t\t\t<\/div>\n\t\t\t\t<\/div>\n\t\t\t<\/div>\n\t\t<\/div>\n\n\t\t\n\t\t<div class=\"gallery-items\" data-loaded=\"6\" data-more=\"2\" data-max=\"6\" data-zoom=\"disable\">\n\t\t\t\t\t\t\t<div class=\"gallery-item-wrap \" data-index=\"0\" data-control=\"Herramientas colaborativas\">\n\t\t\t\t\t<div class=\"grid-item\"><div class=\"thumbnail-wrap\"><img decoding=\"async\" class=\"main-image\" src=\"https:\/\/ad-futura.es\/wp-content\/uploads\/2023\/12\/ServHerCol.jpeg\" alt=\"Herramientas colaborativas\" \/><div class=\"caption-wrap style-overlay overlay-overlay animated fade-in\"><div class=\"item-hover-bg\"><\/div><div class=\"item-caption-over\"><h5 class=\"item-title\">Herramientas colaborativas<\/h5><div class=\"item-content\">Las aplicaciones y herramientas de colaboraci\u00f3n facilitan el trabajo en equipo. Las herramientas de colaboraci\u00f3n pueden ser aplicaciones de gesti\u00f3n de proyectos, de gesti\u00f3n documental, de comunicaciones y de gesti\u00f3n administrativa totalmente integradas.<\/div><div class=\"item-buttons\"><\/div><\/div><div class=\"caption-head\"><\/div><\/div><\/div><\/div>\t\t\t\t<\/div>\n\t\t\t\t\t\t\t<div class=\"gallery-item-wrap \" data-index=\"1\" data-control=\"Movilidad y productividad\">\n\t\t\t\t\t<div class=\"grid-item\"><div class=\"thumbnail-wrap\"><img decoding=\"async\" class=\"main-image\" src=\"https:\/\/ad-futura.es\/wp-content\/uploads\/2023\/12\/servMovProd.jpeg\" alt=\"Movilidad y productividad\" \/><div class=\"caption-wrap style-overlay overlay-overlay animated fade-in\"><div class=\"item-hover-bg\"><\/div><div class=\"item-caption-over\"><h5 class=\"item-title\">Movilidad y productividad<\/h5><div class=\"item-content\">La movilidad en el mundo digital de hoy es una evidencia y puede ser sin\u00f3nimo de productividad si se ponen a disposici\u00f3n las herramientas adecuadas. Pero elegirlas no siempre es tarea f\u00e1cil para asegurar una comunicaci\u00f3n y una colaboraci\u00f3n entre todos los equipos: comercial, log\u00edstica, compras, gesti\u00f3n de almacenes y stocks. <\/div><div class=\"item-buttons\"><\/div><\/div><div class=\"caption-head\"><\/div><\/div><\/div><\/div>\t\t\t\t<\/div>\n\t\t\t\t\t\t\t<div class=\"gallery-item-wrap \" data-index=\"2\" data-control=\"Reagrupa equipos y recursos\">\n\t\t\t\t\t<div class=\"grid-item\"><div class=\"thumbnail-wrap\"><img decoding=\"async\" class=\"main-image\" src=\"https:\/\/ad-futura.es\/wp-content\/uploads\/2023\/12\/servEquipRec.jpg\" alt=\"Reagrupa equipos y recursos\" \/><div class=\"caption-wrap style-overlay overlay-overlay animated fade-in\"><div class=\"item-hover-bg\"><\/div><div class=\"item-caption-over\"><h5 class=\"item-title\">Reagrupa equipos y recursos<\/h5><div class=\"item-content\">Saca partido de una plataforma colaborativa para el trabajo de equipo, que permite conversar, mantener reuniones y compartir archivos y aplicaciones desde cualquier lugar. Ofrece a tus empleados la posibilidad de estar conectados a su contenido, a almacenar y compartir archivos.\n\n<\/div><div class=\"item-buttons\"><\/div><\/div><div class=\"caption-head\"><\/div><\/div><\/div><\/div>\t\t\t\t<\/div>\n\t\t\t\t\t\t\t<div class=\"gallery-item-wrap \" data-index=\"3\" data-control=\"NetWorking\">\n\t\t\t\t\t<div class=\"grid-item\"><div class=\"thumbnail-wrap\"><img decoding=\"async\" class=\"main-image\" src=\"https:\/\/ad-futura.es\/wp-content\/uploads\/2023\/12\/servNetwork.jpeg\" alt=\"NetWorking\" \/><div class=\"caption-wrap style-overlay overlay-overlay animated fade-in\"><div class=\"item-hover-bg\"><\/div><div class=\"item-caption-over\"><h5 class=\"item-title\">NetWorking<\/h5><div class=\"item-content\">El cambio es la nueva constante y, a veces, es dif\u00edcil de seguir. \u00bfY si pudieras conectar cada documento, cada persona y cada actividad que sea importante? Con Microsoft 365, tu equipo y t\u00fa podr\u00e9is intercambiar ideas, obtener las \u00faltimas informaciones y adaptaros r\u00e1pidamente a las necesidades de proyectos y de gesti\u00f3n del negocio.<\/div><div class=\"item-buttons\"><\/div><\/div><div class=\"caption-head\"><\/div><\/div><\/div><\/div>\t\t\t\t<\/div>\n\t\t\t\t\t\t\t<div class=\"gallery-item-wrap \" data-index=\"4\" data-control=\"Con\u00e9ctate con tus interlocutores\">\n\t\t\t\t\t<div class=\"grid-item\"><div class=\"thumbnail-wrap\"><img decoding=\"async\" class=\"main-image\" src=\"https:\/\/ad-futura.es\/wp-content\/uploads\/2023\/12\/servVidCall.jpeg\" alt=\"Con\u00e9ctate con tus interlocutores\" \/><div class=\"caption-wrap style-overlay overlay-overlay animated fade-in\"><div class=\"item-hover-bg\"><\/div><div class=\"item-caption-over\"><h5 class=\"item-title\">Con\u00e9ctate con tus interlocutores<\/h5><div class=\"item-content\">Mantente conectado con tus colaboradores y sigue trabajando con un correo integrado de primera clase. Accede a los correos electr\u00f3nicos, a los contactos y calendarios compartidos en cualquier lugar con Outlook Mobile, en tu PC o Mac.<\/div><div class=\"item-buttons\"><\/div><\/div><div class=\"caption-head\"><\/div><\/div><\/div><\/div>\t\t\t\t<\/div>\n\t\t\t\t\t\t\t<div class=\"gallery-item-wrap \" data-index=\"5\" data-control=\"Organiza reuniones m\u00e1s eficaces\">\n\t\t\t\t\t<div class=\"grid-item\"><div class=\"thumbnail-wrap\"><img decoding=\"async\" class=\"main-image\" src=\"https:\/\/ad-futura.es\/wp-content\/uploads\/2023\/12\/servWebinar.jpeg\" alt=\"Organiza reuniones m\u00e1s eficaces\" \/><div class=\"caption-wrap style-overlay overlay-overlay animated fade-in\"><div class=\"item-hover-bg\"><\/div><div class=\"item-caption-over\"><h5 class=\"item-title\">Organiza reuniones m\u00e1s eficaces<\/h5><div class=\"item-content\">En un clic, cualquier persona dentro o fuera de tu organizaci\u00f3n puede acudir a tu reuni\u00f3n en l\u00ednea desde cualquier dispositivo. El v\u00eddeo de alta definici\u00f3n, la pantalla compartida, la mensajer\u00eda instant\u00e1nea y la toma de notas en tiempo real contribuyen a celebrar reuniones constructivas y eficaces.\n<\/div><div class=\"item-buttons\"><\/div><\/div><div class=\"caption-head\"><\/div><\/div><\/div><\/div>\t\t\t\t<\/div>\n\t\t\t\t\t<\/div>\n\n\t\t\t\t\n\n\n<div style=\"height:30px\" aria-hidden=\"true\" class=\"wp-block-spacer\"><\/div>\n\n\n\n\n\n<div style=\"height:30px\" aria-hidden=\"true\" class=\"wp-block-spacer\"><\/div>\n\n\n","protected":false},"excerpt":{"rendered":"","protected":false},"author":1,"featured_media":0,"parent":0,"menu_order":0,"comment_status":"closed","ping_status":"closed","template":"contenido-1","meta":{"_crdt_document":"","footnotes":""},"class_list":["post-908","page","type-page","status-publish","hentry"],"_links":{"self":[{"href":"https:\/\/ad-futura.es\/index.php\/wp-json\/wp\/v2\/pages\/908","targetHints":{"allow":["GET"]}}],"collection":[{"href":"https:\/\/ad-futura.es\/index.php\/wp-json\/wp\/v2\/pages"}],"about":[{"href":"https:\/\/ad-futura.es\/index.php\/wp-json\/wp\/v2\/types\/page"}],"author":[{"embeddable":true,"href":"https:\/\/ad-futura.es\/index.php\/wp-json\/wp\/v2\/users\/1"}],"replies":[{"embeddable":true,"href":"https:\/\/ad-futura.es\/index.php\/wp-json\/wp\/v2\/comments?post=908"}],"version-history":[{"count":28,"href":"https:\/\/ad-futura.es\/index.php\/wp-json\/wp\/v2\/pages\/908\/revisions"}],"predecessor-version":[{"id":1335,"href":"https:\/\/ad-futura.es\/index.php\/wp-json\/wp\/v2\/pages\/908\/revisions\/1335"}],"wp:attachment":[{"href":"https:\/\/ad-futura.es\/index.php\/wp-json\/wp\/v2\/media?parent=908"}],"curies":[{"name":"wp","href":"https:\/\/api.w.org\/{rel}","templated":true}]}}