{"id":879,"date":"2023-12-06T14:12:25","date_gmt":"2023-12-06T13:12:25","guid":{"rendered":"https:\/\/ad-futura.es\/?page_id=879"},"modified":"2026-03-20T13:29:32","modified_gmt":"2026-03-20T12:29:32","slug":"evaluacion-del-flujo-de-trabajo","status":"publish","type":"page","link":"https:\/\/ad-futura.es\/index.php\/evaluacion-del-flujo-de-trabajo\/","title":{"rendered":"Evaluaci\u00f3n del flujo de trabajo"},"content":{"rendered":"\n\n\n\n\n\n\n<div class=\"wp-block-columns is-layout-flex wp-container-core-columns-is-layout-bb2f06b0 wp-block-columns-is-layout-flex\" style=\"margin-top:0;margin-bottom:0;padding-top:0;padding-right:0;padding-bottom:0;padding-left:0\">\n<div class=\"wp-block-column is-vertically-aligned-top is-layout-flow wp-block-column-is-layout-flow\" style=\"border-style:none;border-width:0px;padding-top:0;padding-right:var(--wp--preset--spacing--60);padding-bottom:0;padding-left:var(--wp--preset--spacing--60);flex-basis:33.33%\">\n<div class=\"wp-block-cover is-light\" style=\"min-height:145px;aspect-ratio:unset;\"><span aria-hidden=\"true\" class=\"wp-block-cover__background has-white-background-color has-background-dim-100 has-background-dim\"><\/span><div class=\"wp-block-cover__inner-container is-layout-constrained wp-block-cover-is-layout-constrained\">\n<p class=\"has-text-align-left wp-block-paragraph\" style=\"font-size:20px\"><strong>Todav\u00eda hay empresas<\/strong> que siguen teniendo flujos de trabajo gestionados por departamentos completos centrados en enviar un \u00fanico formulario en papel.<\/p>\n<\/div><\/div>\n\n\n\n<p class=\"wp-block-paragraph\"><mark style=\"background-color:rgba(0, 0, 0, 0);color:#ffffff\" class=\"has-inline-color\">..<\/mark><\/p>\n\n\n\n<hr class=\"wp-block-separator aligncenter has-text-color has-intrace-border-2-color has-alpha-channel-opacity has-intrace-border-2-background-color has-background is-style-wide\" style=\"margin-top:0;margin-bottom:0\"\/>\n\n\n\n<figure class=\"wp-block-image aligncenter size-full is-resized\"><img decoding=\"async\" width=\"256\" height=\"306\" src=\"https:\/\/ad-futura.es\/wp-content\/uploads\/2023\/12\/logoFLtrab.png\" alt=\"\" class=\"wp-image-906\" style=\"width:178px;height:auto\" srcset=\"https:\/\/ad-futura.es\/wp-content\/uploads\/2023\/12\/logoFLtrab.png 256w, https:\/\/ad-futura.es\/wp-content\/uploads\/2023\/12\/logoFLtrab-251x300.png 251w\" sizes=\"(max-width: 256px) 100vw, 256px\" \/><\/figure>\n<\/div>\n\n\n\n<div class=\"wp-block-column is-vertically-aligned-center is-layout-flow wp-block-column-is-layout-flow\" style=\"border-style:none;border-width:0px;flex-basis:66.66%\">\n<p class=\"has-black-color has-text-color has-link-color wp-elements-150a85eacccec7218f3180f6b574e8d0 wp-block-paragraph\" style=\"font-size:25px\"><strong><mark style=\"background-color:rgba(0, 0, 0, 0);color:#ad9271\" class=\"has-inline-color\">Una soluci\u00f3n de optimizaci\u00f3n del flujo de trabajo<\/mark><\/strong> de documentos permite a la empresa:&nbsp;&nbsp;<\/p>\n\n\n<div class=\" list-wrapper \"><div class=\"list-divider\"><\/div><a id=\"guten-y63jLP\" href=\"\"><i class=\"fas fa-check\"><\/i><span class=\"list-text\">List item<\/span><\/a><div class=\"list-divider\"><\/div><a id=\"guten-XvvGKN\" href=\"\"><i class=\"fas fa-check\"><\/i><span class=\"list-text\">List item<\/span><\/a><div class=\"list-divider\"><\/div><a id=\"guten-L7Np9y\" href=\"\"><i class=\"fas fa-check\"><\/i><span class=\"list-text\">List item<\/span><\/a><div class=\"list-divider\"><\/div><a id=\"guten-Jcb2Uc\" href=\"\"><i class=\"fas fa-check\"><\/i><span class=\"list-text\">List item<\/span><\/a><\/div>\n\n\n<p class=\"wp-block-paragraph\" style=\"font-size:8px;font-style:normal;font-weight:400\"><mark style=\"background-color:rgba(0, 0, 0, 0);color:#ffffff\" class=\"has-inline-color\">&#8212;<\/mark><\/p>\n\n\n\n<div style=\"height:20px\" aria-hidden=\"true\" class=\"wp-block-spacer\"><\/div>\n\n\n\n<div class=\"wp-block-columns is-layout-flex wp-container-core-columns-is-layout-7387b849 wp-block-columns-is-layout-flex\">\n<div class=\"wp-block-column is-layout-flow wp-block-column-is-layout-flow\" style=\"border-style:none;border-width:0px;flex-basis:66.66%\">\n<p class=\"has-intrace-body-text-color has-text-color has-link-color wp-elements-7ffdb16c3753e4e7ca040a3ee9e5a87f wp-block-paragraph\" style=\"font-size:16px\">La gesti\u00f3n de documentos es una cosa y el contenido es claramente otra.&nbsp;Desde documentos hasta contenido, los departamentos de TI enfrentan un gran desaf\u00edo al brindar acceso limitado a dicha informaci\u00f3n,&nbsp;especialmente cuando existe en una multitud de departamentos,&nbsp;&nbsp;a menudo desestructurados y desconectados.&nbsp;Encontrar formas de ensamblar la totalidad de la infraestructura de informaci\u00f3n de una empresa se ha convertido en una prioridad.&nbsp;<\/p>\n\n\n\n<p class=\"has-intrace-body-text-color has-text-color has-link-color wp-elements-e081fb3192d1dc698aee3f8d2ab0b9f8 wp-block-paragraph\" style=\"font-size:16px\">As\u00ed que en este, uno de los pilares m\u00e1s importantes dentro de las necesidades de una empresa, es donde te puedo echar una mano.<\/p>\n\n\n\n<div style=\"height:20px\" aria-hidden=\"true\" class=\"wp-block-spacer\"><\/div>\n<\/div>\n\n\n\n<div class=\"wp-block-column is-layout-flow wp-block-column-is-layout-flow\" style=\"border-style:none;border-width:0px;flex-basis:33.33%\"><\/div>\n<\/div>\n\n\n\n<div style=\"height:32px\" aria-hidden=\"true\" class=\"wp-block-spacer\"><\/div>\n\n\n\n<p class=\"wp-block-paragraph\"><mark style=\"background-color:rgba(0, 0, 0, 0);color:#ffffff\" class=\"has-inline-color\">&#8212;<\/mark><\/p>\n<\/div>\n<\/div>\n\n\n\n\n","protected":false},"excerpt":{"rendered":"<p>.. Una soluci\u00f3n de optimizaci\u00f3n del flujo de trabajo de documentos permite a la empresa:&nbsp;&nbsp; &#8212; La gesti\u00f3n de documentos es una cosa y el contenido es claramente otra.&nbsp;Desde documentos hasta contenido, los departamentos de TI enfrentan un gran desaf\u00edo al brindar acceso limitado a dicha informaci\u00f3n,&nbsp;especialmente cuando existe en una multitud de departamentos,&nbsp;&nbsp;a menudo desestructurados y desconectados.&nbsp;Encontrar formas de ensamblar la totalidad de la infraestructura de informaci\u00f3n de una empresa se ha convertido en una prioridad.&nbsp; As\u00ed que en este, uno de los pilares m\u00e1s importantes dentro de las necesidades de una empresa, es donde te puedo echar una<\/p>\n","protected":false},"author":1,"featured_media":0,"parent":0,"menu_order":0,"comment_status":"closed","ping_status":"closed","template":"contenido-1","meta":{"_crdt_document":"","footnotes":""},"class_list":["post-879","page","type-page","status-publish","hentry"],"_links":{"self":[{"href":"https:\/\/ad-futura.es\/index.php\/wp-json\/wp\/v2\/pages\/879","targetHints":{"allow":["GET"]}}],"collection":[{"href":"https:\/\/ad-futura.es\/index.php\/wp-json\/wp\/v2\/pages"}],"about":[{"href":"https:\/\/ad-futura.es\/index.php\/wp-json\/wp\/v2\/types\/page"}],"author":[{"embeddable":true,"href":"https:\/\/ad-futura.es\/index.php\/wp-json\/wp\/v2\/users\/1"}],"replies":[{"embeddable":true,"href":"https:\/\/ad-futura.es\/index.php\/wp-json\/wp\/v2\/comments?post=879"}],"version-history":[{"count":26,"href":"https:\/\/ad-futura.es\/index.php\/wp-json\/wp\/v2\/pages\/879\/revisions"}],"predecessor-version":[{"id":1330,"href":"https:\/\/ad-futura.es\/index.php\/wp-json\/wp\/v2\/pages\/879\/revisions\/1330"}],"wp:attachment":[{"href":"https:\/\/ad-futura.es\/index.php\/wp-json\/wp\/v2\/media?parent=879"}],"curies":[{"name":"wp","href":"https:\/\/api.w.org\/{rel}","templated":true}]}}