{"id":857,"date":"2023-12-06T13:16:03","date_gmt":"2023-12-06T12:16:03","guid":{"rendered":"https:\/\/ad-futura.es\/?page_id=857"},"modified":"2026-03-20T13:29:53","modified_gmt":"2026-03-20T12:29:53","slug":"evaluacion-tecnologica","status":"publish","type":"page","link":"https:\/\/ad-futura.es\/index.php\/evaluacion-tecnologica\/","title":{"rendered":"Evaluaci\u00f3n tecnol\u00f3gica"},"content":{"rendered":"\n\n\n\n\n\n\n<div class=\"wp-block-columns is-layout-flex wp-container-core-columns-is-layout-bb2f06b0 wp-block-columns-is-layout-flex\" style=\"margin-top:0;margin-bottom:0;padding-top:0;padding-right:0;padding-bottom:0;padding-left:0\">\n<div class=\"wp-block-column is-vertically-aligned-top is-layout-flow wp-block-column-is-layout-flow\" style=\"border-style:none;border-width:0px;padding-top:0;padding-right:var(--wp--preset--spacing--60);padding-bottom:0;padding-left:var(--wp--preset--spacing--60);flex-basis:33.33%\">\n<div class=\"wp-block-cover is-light\" style=\"min-height:145px;aspect-ratio:unset;\"><span aria-hidden=\"true\" class=\"wp-block-cover__background has-white-background-color has-background-dim-100 has-background-dim\"><\/span><div class=\"wp-block-cover__inner-container is-layout-constrained wp-block-cover-is-layout-constrained\">\n<p class=\"has-text-align-left wp-block-paragraph\" style=\"font-size:20px\">\u00bf<strong>Crees que tu empresa<\/strong> podr\u00eda ser un candidato de alto riesgo?&nbsp;Para muchas empresas, la respuesta sigue siendo un rotundo \u201cum\u2026\u201d<\/p>\n<\/div><\/div>\n\n\n\n<p class=\"wp-block-paragraph\"><mark style=\"background-color:rgba(0, 0, 0, 0);color:#ffffff\" class=\"has-inline-color\">..<\/mark><\/p>\n\n\n\n<hr class=\"wp-block-separator aligncenter has-text-color has-intrace-border-2-color has-alpha-channel-opacity has-intrace-border-2-background-color has-background is-style-wide\" style=\"margin-top:0;margin-bottom:0\"\/>\n\n\n\n<figure class=\"wp-block-image aligncenter size-full is-resized\"><img decoding=\"async\" width=\"254\" height=\"308\" src=\"https:\/\/ad-futura.es\/wp-content\/uploads\/2023\/12\/logoServTi_2.png\" alt=\"\" class=\"wp-image-772\" style=\"width:178px;height:auto\" srcset=\"https:\/\/ad-futura.es\/wp-content\/uploads\/2023\/12\/logoServTi_2.png 254w, https:\/\/ad-futura.es\/wp-content\/uploads\/2023\/12\/logoServTi_2-247x300.png 247w\" sizes=\"(max-width: 254px) 100vw, 254px\" \/><\/figure>\n<\/div>\n\n\n\n<div class=\"wp-block-column is-vertically-aligned-center is-layout-flow wp-block-column-is-layout-flow\" style=\"border-style:none;border-width:0px;flex-basis:66.66%\">\n<p class=\"has-black-color has-text-color has-link-color wp-elements-1fab03a34885ed2936c4a22608374bf5 wp-block-paragraph\" style=\"font-size:25px\"><strong><mark style=\"background-color:rgba(0, 0, 0, 0);color:#ad9271\" class=\"has-inline-color\">Puedo ayudar<\/mark><\/strong> a tu organizaci\u00f3n a:&nbsp;&nbsp;<\/p>\n\n\n<div class=\" list-wrapper \"><div class=\"list-divider\"><\/div><a id=\"guten-y63jLP\" href=\"\"><i class=\"fas fa-check\"><\/i><span class=\"list-text\">List item<\/span><\/a><div class=\"list-divider\"><\/div><a id=\"guten-XvvGKN\" href=\"\"><i class=\"fas fa-check\"><\/i><span class=\"list-text\">List item<\/span><\/a><div class=\"list-divider\"><\/div><a id=\"guten-L7Np9y\" href=\"\"><i class=\"fas fa-check\"><\/i><span class=\"list-text\">List item<\/span><\/a><div class=\"list-divider\"><\/div><a id=\"guten-Jcb2Uc\" href=\"\"><i class=\"fas fa-check\"><\/i><span class=\"list-text\">List item<\/span><\/a><div class=\"list-divider\"><\/div><a id=\"guten-97wtR9\" href=\"\"><i class=\"fas fa-check\"><\/i><span class=\"list-text\">List item<\/span><\/a><div class=\"list-divider\"><\/div><a id=\"guten-WZnWMp\" href=\"\"><i class=\"fas fa-check\"><\/i><span class=\"list-text\">List item<\/span><\/a><div class=\"list-divider\"><\/div><a id=\"guten-TDDtEB\" href=\"\"><i class=\"fas fa-check\"><\/i><span class=\"list-text\">List item<\/span><\/a><\/div>\n\n\n<p class=\"wp-block-paragraph\" style=\"font-size:8px;font-style:normal;font-weight:400\"><mark style=\"background-color:rgba(0, 0, 0, 0);color:#ffffff\" class=\"has-inline-color\">&#8212;<\/mark><\/p>\n\n\n\n<div style=\"height:20px\" aria-hidden=\"true\" class=\"wp-block-spacer\"><\/div>\n\n\n\n<div class=\"wp-block-columns is-layout-flex wp-container-core-columns-is-layout-7387b849 wp-block-columns-is-layout-flex\">\n<div class=\"wp-block-column is-layout-flow wp-block-column-is-layout-flow\" style=\"border-style:none;border-width:0px;flex-basis:66.66%\">\n<blockquote class=\"wp-block-quote is-layout-flow wp-block-quote-is-layout-flow\">\n<p class=\"wp-block-paragraph\" style=\"font-size:15px\"><mark style=\"background-color:rgba(0, 0, 0, 0)\" class=\"has-inline-color has-2-o-nsi-g-color\">Pongo a tu disposici\u00f3n un servicio de seguridad de \u00faltima generaci\u00f3n y altamente escalable que ofrece funciones integrales de red y seguridad en una plataforma unificada, lo que permite una gesti\u00f3n simplificada de los servicios de red locales, remotos y m\u00f3viles. <\/mark><mark style=\"background-color:rgba(0, 0, 0, 0);color:#666666\" class=\"has-inline-color\">&nbsp;<\/mark><\/p>\n<\/blockquote>\n\n\n\n<div style=\"height:20px\" aria-hidden=\"true\" class=\"wp-block-spacer\"><\/div>\n\n\n\n<blockquote class=\"wp-block-quote is-layout-flow wp-block-quote-is-layout-flow\">\n<p class=\"wp-block-paragraph\" style=\"font-size:15px\"><mark style=\"background-color:rgba(0, 0, 0, 0)\" class=\"has-inline-color has-2-o-nsi-g-color\">Dada la prevalencia de la tecnolog\u00eda en las empresas actuales, desarrollar mejores pr\u00e1cticas de seguridad para la gesti\u00f3n de la tecnolog\u00eda es fundamental para una infraestructura de confianza y bien administrada.<\/mark><mark style=\"background-color:rgba(0, 0, 0, 0);color:#abb8c3\" class=\"has-inline-color\">&nbsp;<\/mark><\/p>\n<\/blockquote>\n<\/div>\n\n\n\n<div class=\"wp-block-column is-layout-flow wp-block-column-is-layout-flow\" style=\"border-style:none;border-width:0px;flex-basis:33.33%\"><\/div>\n<\/div>\n\n\n\n<div style=\"height:32px\" aria-hidden=\"true\" class=\"wp-block-spacer\"><\/div>\n\n\n\n<p class=\"wp-block-paragraph\"><mark style=\"background-color:rgba(0, 0, 0, 0);color:#ffffff\" class=\"has-inline-color\">&#8212;<\/mark><\/p>\n<\/div>\n<\/div>\n\n\n\n\n","protected":false},"excerpt":{"rendered":"<p>.. Puedo ayudar a tu organizaci\u00f3n a:&nbsp;&nbsp; &#8212; Pongo a tu disposici\u00f3n un servicio de seguridad de \u00faltima generaci\u00f3n y altamente escalable que ofrece funciones integrales de red y seguridad en una plataforma unificada, lo que permite una gesti\u00f3n simplificada de los servicios de red locales, remotos y m\u00f3viles. &nbsp; Dada la prevalencia de la tecnolog\u00eda en las empresas actuales, desarrollar mejores pr\u00e1cticas de seguridad para la gesti\u00f3n de la tecnolog\u00eda es fundamental para una infraestructura de confianza y bien administrada.&nbsp; &#8212;<\/p>\n","protected":false},"author":1,"featured_media":0,"parent":0,"menu_order":0,"comment_status":"closed","ping_status":"closed","template":"contenido-1","meta":{"_crdt_document":"","footnotes":""},"class_list":["post-857","page","type-page","status-publish","hentry"],"_links":{"self":[{"href":"https:\/\/ad-futura.es\/index.php\/wp-json\/wp\/v2\/pages\/857","targetHints":{"allow":["GET"]}}],"collection":[{"href":"https:\/\/ad-futura.es\/index.php\/wp-json\/wp\/v2\/pages"}],"about":[{"href":"https:\/\/ad-futura.es\/index.php\/wp-json\/wp\/v2\/types\/page"}],"author":[{"embeddable":true,"href":"https:\/\/ad-futura.es\/index.php\/wp-json\/wp\/v2\/users\/1"}],"replies":[{"embeddable":true,"href":"https:\/\/ad-futura.es\/index.php\/wp-json\/wp\/v2\/comments?post=857"}],"version-history":[{"count":26,"href":"https:\/\/ad-futura.es\/index.php\/wp-json\/wp\/v2\/pages\/857\/revisions"}],"predecessor-version":[{"id":1331,"href":"https:\/\/ad-futura.es\/index.php\/wp-json\/wp\/v2\/pages\/857\/revisions\/1331"}],"wp:attachment":[{"href":"https:\/\/ad-futura.es\/index.php\/wp-json\/wp\/v2\/media?parent=857"}],"curies":[{"name":"wp","href":"https:\/\/api.w.org\/{rel}","templated":true}]}}