{"id":690,"date":"2023-12-04T11:08:04","date_gmt":"2023-12-04T10:08:04","guid":{"rendered":"https:\/\/ad-futura.es\/?page_id=690"},"modified":"2026-03-20T13:30:27","modified_gmt":"2026-03-20T12:30:27","slug":"gestion-de-documentos","status":"publish","type":"page","link":"https:\/\/ad-futura.es\/index.php\/gestion-de-documentos\/","title":{"rendered":"Gesti\u00f3n de documentos"},"content":{"rendered":"\n\n\n\n\n<div class=\"wp-block-columns is-layout-flex wp-container-core-columns-is-layout-bb2f06b0 wp-block-columns-is-layout-flex\" style=\"margin-top:0;margin-bottom:0;padding-top:0;padding-right:0;padding-bottom:0;padding-left:0\">\n<div class=\"wp-block-column is-vertically-aligned-top is-layout-flow wp-block-column-is-layout-flow\" style=\"border-style:none;border-width:0px;padding-top:0;padding-right:var(--wp--preset--spacing--60);padding-bottom:0;padding-left:var(--wp--preset--spacing--60);flex-basis:33.33%\">\n<div class=\"wp-block-cover is-light\" style=\"min-height:145px;aspect-ratio:unset;\"><span aria-hidden=\"true\" class=\"wp-block-cover__background has-white-background-color has-background-dim-100 has-background-dim\"><\/span><div class=\"wp-block-cover__inner-container is-layout-constrained wp-block-cover-is-layout-constrained\">\n<p class=\"has-text-align-left wp-block-paragraph\" style=\"font-size:20px\"><strong>Es hora<\/strong> de considerar un <strong><mark style=\"background-color:rgba(0, 0, 0, 0);color:#ad9271\" class=\"has-inline-color\">proyecto de gesti\u00f3n de documentos<\/mark><\/strong>&nbsp;bien planificado y bien ejecutado.<\/p>\n<\/div><\/div>\n\n\n\n<p class=\"wp-block-paragraph\"><mark style=\"background-color:rgba(0, 0, 0, 0);color:#ffffff\" class=\"has-inline-color\">..<\/mark><\/p>\n\n\n\n<hr class=\"wp-block-separator aligncenter has-text-color has-intrace-border-2-color has-alpha-channel-opacity has-intrace-border-2-background-color has-background is-style-wide\" style=\"margin-top:0;margin-bottom:0\"\/>\n\n\n\n<figure class=\"wp-block-image aligncenter size-full is-resized\"><img decoding=\"async\" width=\"308\" height=\"306\" src=\"https:\/\/ad-futura.es\/wp-content\/uploads\/2023\/12\/logoServGd.png\" alt=\"\" class=\"wp-image-818\" style=\"width:188px;height:auto\" srcset=\"https:\/\/ad-futura.es\/wp-content\/uploads\/2023\/12\/logoServGd.png 308w, https:\/\/ad-futura.es\/wp-content\/uploads\/2023\/12\/logoServGd-300x298.png 300w, https:\/\/ad-futura.es\/wp-content\/uploads\/2023\/12\/logoServGd-150x150.png 150w\" sizes=\"(max-width: 308px) 100vw, 308px\" \/><\/figure>\n<\/div>\n\n\n\n<div class=\"wp-block-column is-vertically-aligned-center is-layout-flow wp-block-column-is-layout-flow\" style=\"border-style:none;border-width:0px;flex-basis:66.66%\">\n<p class=\"wp-block-paragraph\" style=\"font-size:25px\"><strong><mark style=\"background-color:rgba(0, 0, 0, 0);color:#abb8c3\" class=\"has-inline-color\">Un sistema de<\/mark> <mark style=\"background-color:rgba(0, 0, 0, 0);color:#ad9271\" class=\"has-inline-color\">Gesti\u00f3n de Documentos<\/mark><\/strong> <mark style=\"background-color:rgba(0, 0, 0, 0);color:#abb8c3\" class=\"has-inline-color\">te permitir\u00e1:<\/mark>&nbsp;&nbsp;<\/p>\n\n\n<div class=\" list-wrapper \"><div class=\"list-divider\"><\/div><a id=\"guten-y63jLP\" href=\"\"><i class=\"fas fa-check\"><\/i><span class=\"list-text\">List item<\/span><\/a><div class=\"list-divider\"><\/div><a id=\"guten-XvvGKN\" href=\"\"><i class=\"fas fa-check\"><\/i><span class=\"list-text\">List item<\/span><\/a><div class=\"list-divider\"><\/div><a id=\"guten-L7Np9y\" href=\"\"><i class=\"fas fa-check\"><\/i><span class=\"list-text\">List item<\/span><\/a><div class=\"list-divider\"><\/div><a id=\"guten-Jcb2Uc\" href=\"\"><i class=\"fas fa-check\"><\/i><span class=\"list-text\">List item<\/span><\/a><div class=\"list-divider\"><\/div><a id=\"guten-97wtR9\" href=\"\"><i class=\"fas fa-check\"><\/i><span class=\"list-text\">List item<\/span><\/a><div class=\"list-divider\"><\/div><a id=\"guten-6bkX3J\" href=\"\"><i class=\"fas fa-check\"><\/i><span class=\"list-text\">List item<\/span><\/a><\/div>\n\n\n<p class=\"wp-block-paragraph\" style=\"font-size:8px;font-style:normal;font-weight:400\"><mark style=\"background-color:rgba(0, 0, 0, 0);color:#ffffff\" class=\"has-inline-color\">&#8212;<\/mark><\/p>\n\n\n\n<div style=\"height:20px\" aria-hidden=\"true\" class=\"wp-block-spacer\"><\/div>\n\n\n\n<div class=\"wp-block-columns is-layout-flex wp-container-core-columns-is-layout-7387b849 wp-block-columns-is-layout-flex\">\n<div class=\"wp-block-column is-layout-flow wp-block-column-is-layout-flow\" style=\"border-style:none;border-width:0px;flex-basis:66.66%\">\n<blockquote class=\"wp-block-quote is-layout-flow wp-block-quote-is-layout-flow\">\n<p class=\"wp-block-paragraph\" style=\"font-size:16px\"><mark style=\"background-color:rgba(0, 0, 0, 0)\" class=\"has-inline-color has-2-o-nsi-g-color\">Desde la gesti\u00f3n de contenidos hasta la automatizaci\u00f3n de procesos empresariales, menos papel equivale a un acceso m\u00e1s r\u00e1pido a la informaci\u00f3n&nbsp;<strong>&nbsp;y a procesos empresariales m\u00e1s r\u00e1pidos<\/strong>.<\/mark><\/p>\n<\/blockquote>\n\n\n\n<div style=\"height:20px\" aria-hidden=\"true\" class=\"wp-block-spacer\"><\/div>\n\n\n\n<blockquote class=\"wp-block-quote is-layout-flow wp-block-quote-is-layout-flow\">\n<p class=\"wp-block-paragraph\" style=\"font-size:16px\"><mark style=\"background-color:rgba(0, 0, 0, 0)\" class=\"has-inline-color has-2-o-nsi-g-color\"><strong>\u00bfPor qu\u00e9 invertir en gesti\u00f3n documental?&nbsp;<\/strong>Un estudio de IDC ha demostrado un retorno de la inversi\u00f3n (ROI) en menos de cinco a\u00f1os para implementaciones de gesti\u00f3n de documentos.&nbsp;Sin embargo, la mitad de las organizaciones incluidas en su estudio comenzaron a mostrar un retorno de la inversi\u00f3n a partir de seis meses.<\/mark><\/p>\n<\/blockquote>\n<\/div>\n\n\n\n<div class=\"wp-block-column is-layout-flow wp-block-column-is-layout-flow\" style=\"border-style:none;border-width:0px;flex-basis:33.33%\"><\/div>\n<\/div>\n\n\n\n<div style=\"height:32px\" aria-hidden=\"true\" class=\"wp-block-spacer\"><\/div>\n\n\n\n<p class=\"wp-block-paragraph\"><mark style=\"background-color:rgba(0, 0, 0, 0);color:#ffffff\" class=\"has-inline-color\">&#8212;<\/mark><\/p>\n<\/div>\n<\/div>\n\n\n\n\n","protected":false},"excerpt":{"rendered":"<p>.. Un sistema de Gesti\u00f3n de Documentos te permitir\u00e1:&nbsp;&nbsp; &#8212; Desde la gesti\u00f3n de contenidos hasta la automatizaci\u00f3n de procesos empresariales, menos papel equivale a un acceso m\u00e1s r\u00e1pido a la informaci\u00f3n&nbsp;&nbsp;y a procesos empresariales m\u00e1s r\u00e1pidos. \u00bfPor qu\u00e9 invertir en gesti\u00f3n documental?&nbsp;Un estudio de IDC ha demostrado un retorno de la inversi\u00f3n (ROI) en menos de cinco a\u00f1os para implementaciones de gesti\u00f3n de documentos.&nbsp;Sin embargo, la mitad de las organizaciones incluidas en su estudio comenzaron a mostrar un retorno de la inversi\u00f3n a partir de seis meses. &#8212;<\/p>\n","protected":false},"author":1,"featured_media":0,"parent":0,"menu_order":0,"comment_status":"closed","ping_status":"closed","template":"contenido-1","meta":{"_crdt_document":"","footnotes":""},"class_list":["post-690","page","type-page","status-publish","hentry"],"_links":{"self":[{"href":"https:\/\/ad-futura.es\/index.php\/wp-json\/wp\/v2\/pages\/690","targetHints":{"allow":["GET"]}}],"collection":[{"href":"https:\/\/ad-futura.es\/index.php\/wp-json\/wp\/v2\/pages"}],"about":[{"href":"https:\/\/ad-futura.es\/index.php\/wp-json\/wp\/v2\/types\/page"}],"author":[{"embeddable":true,"href":"https:\/\/ad-futura.es\/index.php\/wp-json\/wp\/v2\/users\/1"}],"replies":[{"embeddable":true,"href":"https:\/\/ad-futura.es\/index.php\/wp-json\/wp\/v2\/comments?post=690"}],"version-history":[{"count":36,"href":"https:\/\/ad-futura.es\/index.php\/wp-json\/wp\/v2\/pages\/690\/revisions"}],"predecessor-version":[{"id":1332,"href":"https:\/\/ad-futura.es\/index.php\/wp-json\/wp\/v2\/pages\/690\/revisions\/1332"}],"wp:attachment":[{"href":"https:\/\/ad-futura.es\/index.php\/wp-json\/wp\/v2\/media?parent=690"}],"curies":[{"name":"wp","href":"https:\/\/api.w.org\/{rel}","templated":true}]}}