{"id":683,"date":"2023-12-04T10:52:56","date_gmt":"2023-12-04T09:52:56","guid":{"rendered":"https:\/\/ad-futura.es\/?page_id=683"},"modified":"2026-03-20T13:28:56","modified_gmt":"2026-03-20T12:28:56","slug":"consultoria-ti","status":"publish","type":"page","link":"https:\/\/ad-futura.es\/index.php\/consultoria-ti\/","title":{"rendered":"Consultor\u00eda TI"},"content":{"rendered":"\n\n\n\n\n\n\n<div class=\"wp-block-columns is-layout-flex wp-container-core-columns-is-layout-bb2f06b0 wp-block-columns-is-layout-flex\" style=\"margin-top:0;margin-bottom:0;padding-top:0;padding-right:0;padding-bottom:0;padding-left:0\">\n<div class=\"wp-block-column is-vertically-aligned-top is-layout-flow wp-block-column-is-layout-flow\" style=\"border-style:none;border-width:0px;padding-top:0;padding-right:var(--wp--preset--spacing--60);padding-bottom:0;padding-left:var(--wp--preset--spacing--60);flex-basis:33.33%\">\n<div class=\"wp-block-cover is-light\" style=\"min-height:145px;aspect-ratio:unset;\"><span aria-hidden=\"true\" class=\"wp-block-cover__background has-white-background-color has-background-dim-100 has-background-dim\"><\/span><div class=\"wp-block-cover__inner-container is-layout-constrained wp-block-cover-is-layout-constrained\">\n<p class=\"has-text-align-left wp-block-paragraph\" style=\"font-size:20px\"><strong>Las empresas de cualquier tama\u00f1o<\/strong>&nbsp;pueden tener un director de informaci\u00f3n \u201cvirtual\u201d para asegurarse de que no se compra tecnolog\u00eda por el simple hecho de ser tecnolog\u00eda, sino para abordar los desaf\u00edos comerciales.<\/p>\n<\/div><\/div>\n\n\n\n<p class=\"wp-block-paragraph\"><mark style=\"background-color:rgba(0, 0, 0, 0);color:#ffffff\" class=\"has-inline-color\">..<\/mark><\/p>\n\n\n\n<hr class=\"wp-block-separator aligncenter has-text-color has-intrace-border-2-color has-alpha-channel-opacity has-intrace-border-2-background-color has-background is-style-wide\" style=\"margin-top:0;margin-bottom:0\"\/>\n\n\n\n<figure class=\"wp-block-image aligncenter size-full is-resized\"><img decoding=\"async\" width=\"254\" height=\"308\" src=\"https:\/\/ad-futura.es\/wp-content\/uploads\/2023\/12\/logoServTi_2.png\" alt=\"\" class=\"wp-image-772\" style=\"width:178px;height:auto\" srcset=\"https:\/\/ad-futura.es\/wp-content\/uploads\/2023\/12\/logoServTi_2.png 254w, https:\/\/ad-futura.es\/wp-content\/uploads\/2023\/12\/logoServTi_2-247x300.png 247w\" sizes=\"(max-width: 254px) 100vw, 254px\" \/><\/figure>\n<\/div>\n\n\n\n<div class=\"wp-block-column is-vertically-aligned-center is-layout-flow wp-block-column-is-layout-flow\" style=\"border-style:none;border-width:0px;flex-basis:66.66%\">\n<p class=\"wp-block-paragraph\" style=\"font-size:25px\"><strong><mark style=\"background-color:rgba(0, 0, 0, 0);color:#ad9271\" class=\"has-inline-color\">La consultor\u00eda empresarial<\/mark><\/strong> <mark style=\"background-color:rgba(0, 0, 0, 0)\" class=\"has-inline-color has-2-o-nsi-g-color\">basada en TI te permitir\u00e1:&nbsp;<\/mark>&nbsp;<\/p>\n\n\n<div class=\" list-wrapper \"><div class=\"list-divider\"><\/div><a id=\"guten-y63jLP\" href=\"\"><i class=\"fas fa-check\"><\/i><span class=\"list-text\">List item<\/span><\/a><div class=\"list-divider\"><\/div><a id=\"guten-XvvGKN\" href=\"\"><i class=\"fas fa-check\"><\/i><span class=\"list-text\">List item<\/span><\/a><div class=\"list-divider\"><\/div><a id=\"guten-L7Np9y\" href=\"\"><i class=\"fas fa-check\"><\/i><span class=\"list-text\">List item<\/span><\/a><div class=\"list-divider\"><\/div><a id=\"guten-Jcb2Uc\" href=\"\"><i class=\"fas fa-check\"><\/i><span class=\"list-text\">List item<\/span><\/a><div class=\"list-divider\"><\/div><a id=\"guten-97wtR9\" href=\"\"><i class=\"fas fa-check\"><\/i><span class=\"list-text\">List item<\/span><\/a><\/div>\n\n\n<p class=\"wp-block-paragraph\" style=\"font-size:8px;font-style:normal;font-weight:400\"><mark style=\"background-color:rgba(0, 0, 0, 0);color:#ffffff\" class=\"has-inline-color\">&#8212;<\/mark><\/p>\n\n\n\n<div style=\"height:20px\" aria-hidden=\"true\" class=\"wp-block-spacer\"><\/div>\n\n\n\n<div class=\"wp-block-columns is-layout-flex wp-container-core-columns-is-layout-7387b849 wp-block-columns-is-layout-flex\">\n<div class=\"wp-block-column is-layout-flow wp-block-column-is-layout-flow\" style=\"border-style:none;border-width:0px;flex-basis:66.66%\">\n<blockquote class=\"wp-block-quote is-layout-flow wp-block-quote-is-layout-flow\">\n<p class=\"wp-block-paragraph\" style=\"font-size:16px\"><mark style=\"background-color:rgba(0, 0, 0, 0);color:#666666\" class=\"has-inline-color\">Hoy en d\u00eda la mayor\u00eda de las empresas saben que s\u00f3lo deben llegar tan lejos como les lleve su tecnolog\u00eda.&nbsp;Por lo tanto, se podr\u00eda suponer que, dado que la tecnolog\u00eda es lo que en \u00faltima instancia impulsa los negocios y determina su \u00e9xito o fracaso, la mayor\u00eda de las empresas dedicar\u00e1n una reflexi\u00f3n considerable a qui\u00e9n, qu\u00e9, cu\u00e1ndo y c\u00f3mo impulsa al negocio su tecnolog\u00eda.<\/mark><\/p>\n<\/blockquote>\n\n\n\n<div style=\"height:20px\" aria-hidden=\"true\" class=\"wp-block-spacer\"><\/div>\n\n\n\n<blockquote class=\"wp-block-quote is-layout-flow wp-block-quote-is-layout-flow\">\n<p class=\"wp-block-paragraph\" style=\"font-size:16px\"><mark style=\"background-color:rgba(0, 0, 0, 0)\" class=\"has-inline-color has-2-o-nsi-g-color\">Atr\u00e1s quedaron los d\u00edas en los que se compraba tecnolog\u00eda s\u00f3lo por comprar tecnolog\u00eda.&nbsp;Despu\u00e9s de d\u00e9cadas de invertir dinero en inversiones en TI sin tener idea del impacto de esas inversiones en los negocios, muchas empresas ahora se dan cuenta de que es hora de exigir m\u00e1s de su tecnolog\u00eda y comenzar a responsabilizarla de resultados.<\/mark><\/p>\n<\/blockquote>\n<\/div>\n\n\n\n<div class=\"wp-block-column is-layout-flow wp-block-column-is-layout-flow\" style=\"border-style:none;border-width:0px;flex-basis:33.33%\"><\/div>\n<\/div>\n\n\n\n<div style=\"height:32px\" aria-hidden=\"true\" class=\"wp-block-spacer\"><\/div>\n\n\n\n<p class=\"wp-block-paragraph\"><mark style=\"background-color:rgba(0, 0, 0, 0);color:#ffffff\" class=\"has-inline-color\">&#8212;<\/mark><\/p>\n<\/div>\n<\/div>\n\n\n\n\n","protected":false},"excerpt":{"rendered":"<p>.. La consultor\u00eda empresarial basada en TI te permitir\u00e1:&nbsp;&nbsp; &#8212; Hoy en d\u00eda la mayor\u00eda de las empresas saben que s\u00f3lo deben llegar tan lejos como les lleve su tecnolog\u00eda.&nbsp;Por lo tanto, se podr\u00eda suponer que, dado que la tecnolog\u00eda es lo que en \u00faltima instancia impulsa los negocios y determina su \u00e9xito o fracaso, la mayor\u00eda de las empresas dedicar\u00e1n una reflexi\u00f3n considerable a qui\u00e9n, qu\u00e9, cu\u00e1ndo y c\u00f3mo impulsa al negocio su tecnolog\u00eda. Atr\u00e1s quedaron los d\u00edas en los que se compraba tecnolog\u00eda s\u00f3lo por comprar tecnolog\u00eda.&nbsp;Despu\u00e9s de d\u00e9cadas de invertir dinero en inversiones en TI sin tener<\/p>\n","protected":false},"author":1,"featured_media":0,"parent":0,"menu_order":0,"comment_status":"closed","ping_status":"closed","template":"contenido-1","meta":{"_crdt_document":"","footnotes":""},"class_list":["post-683","page","type-page","status-publish","hentry"],"_links":{"self":[{"href":"https:\/\/ad-futura.es\/index.php\/wp-json\/wp\/v2\/pages\/683","targetHints":{"allow":["GET"]}}],"collection":[{"href":"https:\/\/ad-futura.es\/index.php\/wp-json\/wp\/v2\/pages"}],"about":[{"href":"https:\/\/ad-futura.es\/index.php\/wp-json\/wp\/v2\/types\/page"}],"author":[{"embeddable":true,"href":"https:\/\/ad-futura.es\/index.php\/wp-json\/wp\/v2\/users\/1"}],"replies":[{"embeddable":true,"href":"https:\/\/ad-futura.es\/index.php\/wp-json\/wp\/v2\/comments?post=683"}],"version-history":[{"count":36,"href":"https:\/\/ad-futura.es\/index.php\/wp-json\/wp\/v2\/pages\/683\/revisions"}],"predecessor-version":[{"id":1329,"href":"https:\/\/ad-futura.es\/index.php\/wp-json\/wp\/v2\/pages\/683\/revisions\/1329"}],"wp:attachment":[{"href":"https:\/\/ad-futura.es\/index.php\/wp-json\/wp\/v2\/media?parent=683"}],"curies":[{"name":"wp","href":"https:\/\/api.w.org\/{rel}","templated":true}]}}