{"id":384,"date":"2023-11-25T15:56:46","date_gmt":"2023-11-25T14:56:46","guid":{"rendered":"https:\/\/ad-futura.es\/?page_id=384"},"modified":"2026-03-20T13:29:14","modified_gmt":"2026-03-20T12:29:14","slug":"contacto","status":"publish","type":"page","link":"https:\/\/ad-futura.es\/index.php\/contacto\/","title":{"rendered":"Contacto"},"content":{"rendered":"<div class=\"wpforms-container wpforms-container-full wpforms-block wpforms-block-fcf26e53-8c95-4bf4-96ce-0ac047b86b6d wpforms-render-modern\" id=\"wpforms-1141\"><form id=\"wpforms-form-1141\" class=\"wpforms-validate wpforms-form wpforms-ajax-form\" data-formid=\"1141\" method=\"post\" enctype=\"multipart\/form-data\" action=\"\/index.php\/wp-json\/wp\/v2\/pages\/384\" data-token=\"92587bb4326e40da135bc4996432cbca\" data-token-time=\"1778239885\"><noscript class=\"wpforms-error-noscript\">Por favor, activa JavaScript en tu navegador para completar este formulario.<\/noscript><div id=\"wpforms-error-noscript\" style=\"display: none;\">Por favor, activa JavaScript en tu navegador para completar este formulario.<\/div><div class=\"wpforms-field-container\"><div id=\"wpforms-1141-field_0-container\" class=\"wpforms-field wpforms-field-name\" data-field-id=\"0\"><label class=\"wpforms-field-label\" for=\"wpforms-1141-field_0\">\u00bfC\u00f3mo te llamas? <span class=\"wpforms-required-label\" aria-hidden=\"true\">*<\/span><\/label><input type=\"text\" id=\"wpforms-1141-field_0\" class=\"wpforms-field-large wpforms-field-required\" name=\"wpforms[fields][0]\" aria-errormessage=\"wpforms-1141-field_0-error\" required><\/div><div id=\"wpforms-1141-field_1-container\" class=\"wpforms-field wpforms-field-email\" data-field-id=\"1\"><label class=\"wpforms-field-label\" for=\"wpforms-1141-field_1\">D\u00e9jame tu correo para contestarte <span class=\"wpforms-required-label\" aria-hidden=\"true\">*<\/span><\/label><input type=\"email\" id=\"wpforms-1141-field_1\" class=\"wpforms-field-large wpforms-field-required\" name=\"wpforms[fields][1]\" spellcheck=\"false\" aria-errormessage=\"wpforms-1141-field_1-error\" required><\/div><div id=\"wpforms-1141-field_5-container\" class=\"wpforms-field wpforms-field-select wpforms-field-select-style-modern\" data-field-id=\"5\"><label class=\"wpforms-field-label\" for=\"wpforms-1141-field_5\">Motivo de contacto con Futura Consulting <span class=\"wpforms-required-label\" aria-hidden=\"true\">*<\/span><\/label><select id=\"wpforms-1141-field_5\" class=\"wpforms-field-large wpforms-field-required choicesjs-select\" data-size-class=\"wpforms-field-row wpforms-field-large\" data-search-enabled=\"\" name=\"wpforms[fields][5]\" required=\"required\"><option value=\"\" class=\"placeholder\" disabled  selected='selected'>Selecciona, por favor, una opci\u00f3n<\/option><option value=\"Solicitud de Proyecto\/ Presupuesto (no vinculante)\"  class=\"choice-2 depth-1\"  >Solicitud de Proyecto\/ Presupuesto (no vinculante)<\/option><option value=\"Posible Colaboraci\u00f3n \/ Asociaci\u00f3n\"  class=\"choice-3 depth-1\"  >Posible Colaboraci\u00f3n \/ Asociaci\u00f3n<\/option><option value=\"Oportunidad Profesional\"  class=\"choice-4 depth-1\"  >Oportunidad Profesional<\/option><option value=\"Sugerencia sobre sitio web\"  class=\"choice-6 depth-1\"  >Sugerencia sobre sitio web<\/option><option value=\"Otro\"  class=\"choice-5 depth-1\"  >Otro<\/option><\/select><\/div><div id=\"wpforms-1141-field_4-container\" class=\"wpforms-field wpforms-field-select wpforms-field-select-style-modern\" data-field-id=\"4\"><label class=\"wpforms-field-label\" for=\"wpforms-1141-field_4\">\u00bfQu\u00e9 soluci\u00f3n te interesa? <span class=\"wpforms-required-label\" aria-hidden=\"true\">*<\/span><\/label><select id=\"wpforms-1141-field_4\" class=\"wpforms-field-large wpforms-field-required choicesjs-select\" data-size-class=\"wpforms-field-row wpforms-field-large\" data-search-enabled=\"\" name=\"wpforms[fields][4]\" required=\"required\"><option value=\"\" class=\"placeholder\" disabled  selected='selected'>Selecciona, por favor, una opci\u00f3n<\/option><option value=\"Evaluaci\u00f3n Tecnol\u00f3gica\"  class=\"choice-1 depth-1\"  >Evaluaci\u00f3n Tecnol\u00f3gica<\/option><option value=\"Consultor\u00eda TI\"  class=\"choice-2 depth-1\"  >Consultor\u00eda TI<\/option><option value=\"Servicios de Impresi\u00f3n Gestionados\"  class=\"choice-3 depth-1\"  >Servicios de Impresi\u00f3n Gestionados<\/option><option value=\"Gesti\u00f3n de Proyectos Documentales\"  class=\"choice-4 depth-1\"  >Gesti\u00f3n de Proyectos Documentales<\/option><option value=\"Evaluaci\u00f3n del Flujo de Trabajo\"  class=\"choice-5 depth-1\"  >Evaluaci\u00f3n del Flujo de Trabajo<\/option><option value=\"Soluciones de software\"  class=\"choice-6 depth-1\"  >Soluciones de software<\/option><\/select><\/div><div id=\"wpforms-1141-field_2-container\" class=\"wpforms-field wpforms-field-textarea\" data-field-id=\"2\"><label class=\"wpforms-field-label\" for=\"wpforms-1141-field_2\">H\u00e1blame de lo que est\u00e1s buscando <span class=\"wpforms-required-label\" aria-hidden=\"true\">*<\/span><\/label><textarea id=\"wpforms-1141-field_2\" class=\"wpforms-field-large wpforms-field-required\" name=\"wpforms[fields][2]\" aria-errormessage=\"wpforms-1141-field_2-error\" required><\/textarea><\/div><div id=\"wpforms-1141-field_6-container\" class=\"wpforms-field wpforms-field-checkbox\" data-field-id=\"6\"><fieldset><legend class=\"wpforms-field-label\">Acepto recibir otras comunicaciones de Futura Consulting<\/legend><ul id=\"wpforms-1141-field_6\" data-choice-limit=\"1\"><li class=\"choice-1 depth-1\"><input type=\"checkbox\" id=\"wpforms-1141-field_6_1\" data-rule-check-limit=\"true\" name=\"wpforms[fields][6][]\" value=\"Si\" aria-errormessage=\"wpforms-1141-field_6_1-error\" aria-describedby=\"wpforms-1141-field_6-description\"  ><label class=\"wpforms-field-label-inline\" for=\"wpforms-1141-field_6_1\">Si<\/label><\/li><li class=\"choice-2 depth-1\"><input type=\"checkbox\" id=\"wpforms-1141-field_6_2\" data-rule-check-limit=\"true\" name=\"wpforms[fields][6][]\" value=\"No\" aria-errormessage=\"wpforms-1141-field_6_2-error\" aria-describedby=\"wpforms-1141-field_6-description\"  ><label class=\"wpforms-field-label-inline\" for=\"wpforms-1141-field_6_2\">No<\/label><\/li><\/ul><div id=\"wpforms-1141-field_6-description\" class=\"wpforms-field-description\">Futura consulting se compromete a proteger y respetar tu privacidad, y solo usaremos tu informaci\u00f3n personal para administrar tu cuenta y proporcionarte los productos y servicios que nos solicitaste. De vez en cuando, nos gustar\u00eda comunicarnos contigo acerca de nuestros productos y servicios, as\u00ed como sobre otro contenido que pueda ser de tu inter\u00e9s. Si aceptas que nos comuniquemos contigo para este prop\u00f3sito, ind\u00edcame c\u00f3mo prefieres que me comunique contigo.<\/div><\/fieldset><\/div><div id=\"wpforms-1141-field_9-container\" class=\"wpforms-field wpforms-field-checkbox\" data-field-id=\"9\"><fieldset><legend class=\"wpforms-field-label wpforms-label-hide\" aria-hidden=\"false\">Otras comunicaciones con Futura Consulting<\/legend><ul id=\"wpforms-1141-field_9\" data-choice-limit=\"1\"><li class=\"choice-1 depth-1\"><input type=\"checkbox\" id=\"wpforms-1141-field_9_1\" data-rule-check-limit=\"true\" name=\"wpforms[fields][9][]\" value=\"eMail\" aria-errormessage=\"wpforms-1141-field_9_1-error\"  ><label class=\"wpforms-field-label-inline\" for=\"wpforms-1141-field_9_1\">eMail<\/label><\/li><li class=\"choice-2 depth-1\"><input type=\"checkbox\" id=\"wpforms-1141-field_9_2\" data-rule-check-limit=\"true\" name=\"wpforms[fields][9][]\" value=\"Tel\u00e9fono\" aria-errormessage=\"wpforms-1141-field_9_2-error\"  ><label class=\"wpforms-field-label-inline\" for=\"wpforms-1141-field_9_2\">Tel\u00e9fono<\/label><\/li><\/ul><\/fieldset><\/div><\/div><!-- .wpforms-field-container --><div class=\"wpforms-recaptcha-container wpforms-is-recaptcha wpforms-is-recaptcha-type-v2\" ><div class=\"g-recaptcha\" data-sitekey=\"6LcktWspAAAAAIBOpz4-vLsS3UGumovN3IHc181a\"><\/div><input type=\"text\" name=\"g-recaptcha-hidden\" class=\"wpforms-recaptcha-hidden\" style=\"position:absolute!important;clip:rect(0,0,0,0)!important;height:1px!important;width:1px!important;border:0!important;overflow:hidden!important;padding:0!important;margin:0!important;\" data-rule-recaptcha=\"1\"><\/div><div class=\"wpforms-submit-container\" ><input type=\"hidden\" name=\"wpforms[id]\" value=\"1141\"><input type=\"hidden\" name=\"page_title\" value=\"\"><input type=\"hidden\" name=\"page_url\" value=\"https:\/\/ad-futura.es\/index.php\/wp-json\/wp\/v2\/pages\/384\"><input type=\"hidden\" name=\"url_referer\" value=\"\"><button type=\"submit\" name=\"wpforms[submit]\" id=\"wpforms-submit-1141\" class=\"wpforms-submit\" data-alt-text=\"Enviando...\" data-submit-text=\"Enviar Mensaje \" aria-live=\"assertive\" value=\"wpforms-submit\">Enviar Mensaje <\/button><img decoding=\"async\" src=\"https:\/\/ad-futura.es\/wp-content\/plugins\/wpforms-lite\/assets\/images\/submit-spin.svg\" class=\"wpforms-submit-spinner\" style=\"display: none;\" width=\"26\" height=\"26\" alt=\"Cargando\"><\/div><\/form><\/div>  <!-- .wpforms-container -->","protected":false},"excerpt":{"rendered":"","protected":false},"author":1,"featured_media":0,"parent":0,"menu_order":0,"comment_status":"closed","ping_status":"closed","template":"contact","meta":{"_crdt_document":"","footnotes":""},"class_list":["post-384","page","type-page","status-publish","hentry"],"_links":{"self":[{"href":"https:\/\/ad-futura.es\/index.php\/wp-json\/wp\/v2\/pages\/384","targetHints":{"allow":["GET"]}}],"collection":[{"href":"https:\/\/ad-futura.es\/index.php\/wp-json\/wp\/v2\/pages"}],"about":[{"href":"https:\/\/ad-futura.es\/index.php\/wp-json\/wp\/v2\/types\/page"}],"author":[{"embeddable":true,"href":"https:\/\/ad-futura.es\/index.php\/wp-json\/wp\/v2\/users\/1"}],"replies":[{"embeddable":true,"href":"https:\/\/ad-futura.es\/index.php\/wp-json\/wp\/v2\/comments?post=384"}],"version-history":[{"count":2,"href":"https:\/\/ad-futura.es\/index.php\/wp-json\/wp\/v2\/pages\/384\/revisions"}],"predecessor-version":[{"id":1154,"href":"https:\/\/ad-futura.es\/index.php\/wp-json\/wp\/v2\/pages\/384\/revisions\/1154"}],"wp:attachment":[{"href":"https:\/\/ad-futura.es\/index.php\/wp-json\/wp\/v2\/media?parent=384"}],"curies":[{"name":"wp","href":"https:\/\/api.w.org\/{rel}","templated":true}]}}